{"id":101,"date":"2020-04-03T11:50:49","date_gmt":"2020-04-03T11:50:49","guid":{"rendered":"https:\/\/nisslmueller.at\/?page_id=101"},"modified":"2023-12-26T14:21:28","modified_gmt":"2023-12-26T14:21:28","slug":"charity","status":"publish","type":"page","link":"https:\/\/nisslmueller.at\/?page_id=101","title":{"rendered":"CHARITY"},"content":{"rendered":"\n<div class=\"wp-block-image\">&nbsp;<\/div>\n\n\n\n<p><strong>AFRIKANISCHE IMPRESSIONEN<\/strong><br>Donaufestival 2004<br>literarische &amp; musikalische Performence<br>Dominikanerkirche, Krems an der Donau, 2004<br>MENSCHEN F\u00dcR MENSCHEN<\/p>\n\n\n\n<p><strong>WIEN ZUR JAHRHUNDERTWENDE<\/strong><br>Arthur Schnitzler Lesung<br>mit Johann Strauss Musik<br>\u00d6sterreichisches Theatermuseum, Wien 2004<br>MENSCHEN F\u00dcR MENSCHEN<br><br><strong>the Chopin project<\/strong><br>Szenische Installation<br>Jagdschloss am Ukleisee, 2011<br>AMNESTY INTERNATIONAL<\/p>\n\n\n\n<p><strong>SCHNEE AUF DEM KILIMANDSCHARO<br><\/strong>von Ernest Hemingway<br>MENSCHEN F\u00dcR MENSCHEN<\/p>\n\n\n\n<div class=\"wp-block-image\">&nbsp;<\/div>\n","protected":false},"excerpt":{"rendered":"<p>&nbsp; AFRIKANISCHE IMPRESSIONENDonaufestival 2004literarische &amp; musikalische PerformenceDominikanerkirche, Krems an der Donau, 2004MENSCHEN F\u00dcR MENSCHEN WIEN ZUR JAHRHUNDERTWENDEArthur Schnitzler Lesungmit Johann Strauss Musik\u00d6sterreichisches Theatermuseum, Wien 2004MENSCHEN F\u00dcR MENSCHEN the Chopin projectSzenische InstallationJagdschloss am Ukleisee, 2011AMNESTY INTERNATIONAL<\/p>\n","protected":false},"author":1,"featured_media":0,"parent":0,"menu_order":6,"comment_status":"closed","ping_status":"closed","template":"","meta":{"_EventAllDay":false,"_EventTimezone":"","_EventStartDate":"","_EventEndDate":"","_EventStartDateUTC":"","_EventEndDateUTC":"","_EventShowMap":false,"_EventShowMapLink":false,"_EventURL":"","_EventCost":"","_EventCostDescription":"","_EventCurrencySymbol":"","_EventCurrencyCode":"","_EventCurrencyPosition":"","_EventDateTimeSeparator":"","_EventTimeRangeSeparator":"","_EventOrganizerID":[],"_EventVenueID":[],"_OrganizerEmail":"","_OrganizerPhone":"","_OrganizerWebsite":"","_VenueAddress":"","_VenueCity":"","_VenueCountry":"","_VenueProvince":"","_VenueState":"","_VenueZip":"","_VenuePhone":"","_VenueURL":"","_VenueStateProvince":"","_VenueLat":"","_VenueLng":"","_VenueShowMap":false,"_VenueShowMapLink":false,"footnotes":""},"class_list":["post-101","page","type-page","status-publish","hentry"],"_links":{"self":[{"href":"https:\/\/nisslmueller.at\/index.php?rest_route=\/wp\/v2\/pages\/101","targetHints":{"allow":["GET"]}}],"collection":[{"href":"https:\/\/nisslmueller.at\/index.php?rest_route=\/wp\/v2\/pages"}],"about":[{"href":"https:\/\/nisslmueller.at\/index.php?rest_route=\/wp\/v2\/types\/page"}],"author":[{"embeddable":true,"href":"https:\/\/nisslmueller.at\/index.php?rest_route=\/wp\/v2\/users\/1"}],"replies":[{"embeddable":true,"href":"https:\/\/nisslmueller.at\/index.php?rest_route=%2Fwp%2Fv2%2Fcomments&post=101"}],"version-history":[{"count":14,"href":"https:\/\/nisslmueller.at\/index.php?rest_route=\/wp\/v2\/pages\/101\/revisions"}],"predecessor-version":[{"id":792,"href":"https:\/\/nisslmueller.at\/index.php?rest_route=\/wp\/v2\/pages\/101\/revisions\/792"}],"wp:attachment":[{"href":"https:\/\/nisslmueller.at\/index.php?rest_route=%2Fwp%2Fv2%2Fmedia&parent=101"}],"curies":[{"name":"wp","href":"https:\/\/api.w.org\/{rel}","templated":true}]}}