{"id":106,"date":"2020-04-03T11:56:36","date_gmt":"2020-04-03T11:56:36","guid":{"rendered":"https:\/\/nisslmueller.at\/?page_id=106"},"modified":"2026-04-03T10:32:52","modified_gmt":"2026-04-03T10:32:52","slug":"vita","status":"publish","type":"page","link":"https:\/\/nisslmueller.at\/?page_id=106","title":{"rendered":"VITA"},"content":{"rendered":"\n<p>Geboren 1964 in Wien.<\/p>\n<p>Schauspielausbildung an der Schauspielschule Krauss in Wien.<\/p>\n<p><strong>Kinder- &amp; Jugendtheater <\/strong>1988 &#8211; 1989<br \/><strong>Burgtheater<\/strong> 1990 &#8211; 1993<br \/>Seit 1994 freier Schauspieler u.a. Freie Volksb\u00fchne Berlin, Theater an der Wien, Rabenhoftheater (Wien), Theater der Jugend (Wien), Ensembletheater (Wien), K\u00fcnstlerhaus (Wien), Theater Ph\u00f6nix (Linz), Landestheater Linz, Kleines Theater (Salzburg), Kosmostheater (Bregenz), Kellertheater (Innsbruck), Landestheater Graz, Stadttheater Klagenfurt, Klagenfurter Ensemble-Theater, Schleswig-Holsteinisches Landestheater, FACTORY Theater Produktionen (Kiel).\u00a0<\/p>\n<p>Arbeitete mit Regisseuren wie Claus Peymann, Peter Zadek, Achim Benning, Wolfgang Engel, Georg Schmiedleitner, J\u00fcrgen Wilke, Dietmar Pflegerl, Georg Staudacher u.v.a.<\/p>\n<p>Sprechert\u00e4tigkeit bei Radio Stephansdom\/Wien.\u00a0<\/p>\n<p>Seit 2008 Zusammenarbeit mit dem K\u00fcnstler*innen Kollektiv <a href=\"https:\/\/www.theater-factory.de\/\">FACTORY Theater<\/a> in Deutschland, D\u00e4nemark, Ukraine, Armenien, Mazedonien, Litauen, Kosovo und \u00d6sterreich. Das Kollektiv kooperiert mit dem Schleswig-Holsteinischen Landestheater, den Landesmuseen Schloss Gottorf, dem Hamburger Sprechwerk, dem Volkstheater Wien und dem Teatret M\u00f8llen\/DK.<\/p>\n<p><strong>AUSZEICHNUNGEN<br \/><\/strong>Preis der Jury f\u00fcr &#8222;R\u00fcckkehr nach Reims&#8220; Int. Kammertheaterfestival MOST Hannover 2022<strong><br \/><\/strong>Gro\u00dfer Preis der Jury f\u00fcr &#8222;Zu Gast bei Don Juan&#8220; Int. Chehov Festival Jalta\/Ukraine 2009\u00a0<\/p>\n<p><b>FILM &amp; TV &amp; PODCAST<\/b><br \/>DIE CYBORG MEIN AUGE R: Tobias Vogel &amp; Gabriele Schelle |\u00a0Multivision\u00a0Hamburg 2021<br \/>ZWISCHEN DEN KLASSEN R: Esther Barth Podcast | Factory Theater Produktionen Kiel 2020<br \/>HAIDER LEBT\u00a0APRIL 2021, R: Peter Kern, Rolle: Wiener | Kinofilm 2002<br \/>DER WOLF IM NOVEMBER R: Patryk Chlastawa, Rolle: Frank | Filmhochschule Wien 2001<br \/>TATORT LINZ R: Marek Helsner, Rolle: Killer | Kinofilm 2000<br \/>JOHANN STRAUSS R: Klaus Hundsbichler,\u00a0Rolle: J.Strauss Vater | Fernsehfilm 1997<br \/>DIE ZEIT L\u00c4UFT Rolle: Bankr\u00e4uber | Michael Schanze Show 1994<br \/>IRIS &amp; VIOLETTA\u00a0R: Peter S\u00e4mann, Episodenrolle | Fernsehserie ORF 1994<br \/>NACHTGESPENST R: G\u00fcnter Heinzel, Rolle: Machoman | Filmhochschule Wien 1991<\/p>\n<p><strong>vom Fernsehen aufgezeichnete Theaterauff\u00fchrungen<br \/><\/strong>DAS SPIEL VOM FRAGEN \u00a0P. Handke, R: C. Peymann, Burgtheater| ZDF 1990<br \/>K\u00d6NIG OTTOKARS GL\u00dcCK UND ENDE\u00a0 F. Grillparzer, R: W. Engel, Burgtheater | ORF, 1991<br \/>IVANOV\u00a0A. Tschechow, R: P. Zadek, Akademietheater| ORF 1992<br \/>HESSE &amp; KLINGSOR H. Hesse, R: G. Schelle, Lessinghalle Kiel | Offener Kanal Kiel 2012<\/p>\n<p><strong>SOMMERSPIELE<\/strong><br \/>Perchtoldsdorf, Laxenburg, Theater am Thalhof Reichenau, Stockerau, Wilhering \/ Linz, Theatersommer Klagenfurt<\/p>\n<p><strong>THEATERTOURNEEN<\/strong><br \/>in \u00d6sterreich &amp; Deutschland<\/p>\n<p><strong>FESTIVALS<\/strong><br \/>Berliner Theatertreffen<br \/>M\u00fchlheimer Theaterfestival<br \/>Donaufestival<br \/>Festival der Regionen, Ober\u00f6sterreich<br \/>Internationale Sommerakademie Prag-Wien-Budapest<br \/>Salzkammergut Festwochen Gmunden<br \/>Internationales Chechov Festival Jalta,\u00a0<strong>Gro\u00dfer Preis der Jury<\/strong><br \/>Internationales Monodramafestival Kiew<br \/>Internationales Festival MOST Hannover, <strong>Preis der Jury<\/strong><br \/>Gavran Festival Augsburg<\/p>\n<p><strong>ROLLEN u.a.:<\/strong> <br \/>WEINPROBE F\u00dcR ANF\u00c4NGER (Guillaume), STUFE EINS UNZUFRIEDEN &#8211; A Cyborg Comedy (Alain), DER TOD IN VENEDIG \u2013 Die Cyborg Version (Aschenbach), R\u00dcCKKEHR NACH REIMS (Didier Eribon), LACHEN VERBOTEN (Boris), LADIES NIGHT (Norbert), JENSEITS VON AFRIKA (Denys Finch Hatton), INSIDE BISMARCK (Otto von Bismarck) 1864 TAGEBUCH EINER KATASTROPHE (Regisseur Franzinger), DER ZAUBER\/BERG (Ludovico Settembrini), HESSE UND KLINGSOR (Hermann Hesse, Klingsor der Maler), DOPPELCONFERENCEN (Der Bl\u00f6de), THE CHOPIN PROJECT (Fr\u00e9d\u00e9ric Chopin), ZU GAST BEI DON JUAN (Don Juan), LULU (Dr. Sch\u00f6n, Ringer, Jack the Ripper), ANATOL (Max), DIE KOM\u00d6DIE DER WORTE &#8211; GROSSE SZENE (Edgar Gley), CASANOVAS HEIMFAHRT (Olivo), EINE LIEBE (Arthur Schnitzler), HYSTERIKON (Gucci Mann), AUSTRIAN PSYCHO (Edgar), \u00d6STERREICHS GR\u00d6SSTE ENTERTAINER (Jack Unterweger), CAFE TAMAGOTCHI (Blackhole), DER EHRENTAG (Fred), GOTT IST EIN DJ (DJ), HAMLET (Laertes), WAS IHR WOLLT (Antonio), ROMEO UND JULIA (Mercutio), WALLENSTEIN (Max Piccolomini), SOMMERNACHTSTRAUM (Lysander), DAS M\u00c4DL AUS DER VORSTADT (Gigerl), REINEKE FUCHS (Grimbart, der Dachs), IVANOV (Gavrila), BIEDERMANN UND DIE BRANDSTIFTER (Schmitz\/Beelzebub), LILIOM (Ficsur), REIGEN (der Graf), SEXUAL PERVERSITY IN CHICAGO (Bernhard, Litko) ANATEVKA (Fedja), SCAPINS STREICHE (Leander), DIE R\u00c4UBER (Roller), BARFUSS IM PARK (Paul), EINE FRAGE DER EHRE (Santiago), TIME OUT (Drako), DIE NASH\u00d6RNER (Hans\/Stech), WEH DEM DER L\u00dcGT (Atalus)<\/p>\n<p>\u00a0<\/p>\n<p>\u00a0<\/p>\n<p>\u00a0<\/p>\n<p>\u00a0<\/p>\n<p>\u00a0<\/p>\n","protected":false},"excerpt":{"rendered":"<p>Geboren 1964 in Wien. Schauspielausbildung an der Schauspielschule Krauss in Wien. Kinder- &amp; Jugendtheater 1988 &#8211; 1989Burgtheater 1990 &#8211; 1993Seit 1994 freier Schauspieler u.a. Freie Volksb\u00fchne Berlin, Theater an der Wien, Rabenhoftheater (Wien), Theater der<\/p>\n","protected":false},"author":1,"featured_media":0,"parent":0,"menu_order":2,"comment_status":"closed","ping_status":"closed","template":"","meta":{"_EventAllDay":false,"_EventTimezone":"","_EventStartDate":"","_EventEndDate":"","_EventStartDateUTC":"","_EventEndDateUTC":"","_EventShowMap":false,"_EventShowMapLink":false,"_EventURL":"","_EventCost":"","_EventCostDescription":"","_EventCurrencySymbol":"","_EventCurrencyCode":"","_EventCurrencyPosition":"","_EventDateTimeSeparator":"","_EventTimeRangeSeparator":"","_EventOrganizerID":[],"_EventVenueID":[],"_OrganizerEmail":"","_OrganizerPhone":"","_OrganizerWebsite":"","_VenueAddress":"","_VenueCity":"","_VenueCountry":"","_VenueProvince":"","_VenueState":"","_VenueZip":"","_VenuePhone":"","_VenueURL":"","_VenueStateProvince":"","_VenueLat":"","_VenueLng":"","_VenueShowMap":false,"_VenueShowMapLink":false,"footnotes":""},"class_list":["post-106","page","type-page","status-publish","hentry"],"_links":{"self":[{"href":"https:\/\/nisslmueller.at\/index.php?rest_route=\/wp\/v2\/pages\/106","targetHints":{"allow":["GET"]}}],"collection":[{"href":"https:\/\/nisslmueller.at\/index.php?rest_route=\/wp\/v2\/pages"}],"about":[{"href":"https:\/\/nisslmueller.at\/index.php?rest_route=\/wp\/v2\/types\/page"}],"author":[{"embeddable":true,"href":"https:\/\/nisslmueller.at\/index.php?rest_route=\/wp\/v2\/users\/1"}],"replies":[{"embeddable":true,"href":"https:\/\/nisslmueller.at\/index.php?rest_route=%2Fwp%2Fv2%2Fcomments&post=106"}],"version-history":[{"count":35,"href":"https:\/\/nisslmueller.at\/index.php?rest_route=\/wp\/v2\/pages\/106\/revisions"}],"predecessor-version":[{"id":989,"href":"https:\/\/nisslmueller.at\/index.php?rest_route=\/wp\/v2\/pages\/106\/revisions\/989"}],"wp:attachment":[{"href":"https:\/\/nisslmueller.at\/index.php?rest_route=%2Fwp%2Fv2%2Fmedia&parent=106"}],"curies":[{"name":"wp","href":"https:\/\/api.w.org\/{rel}","templated":true}]}}