{"id":2,"date":"2020-04-02T10:48:46","date_gmt":"2020-04-02T10:48:46","guid":{"rendered":"http:\/\/nisslmueller.at\/?page_id=2"},"modified":"2025-06-21T13:32:46","modified_gmt":"2025-06-21T13:32:46","slug":"theater","status":"publish","type":"page","link":"https:\/\/nisslmueller.at\/?page_id=2","title":{"rendered":"THEATER"},"content":{"rendered":"\n<p>2025<br><strong>Die Kaktusbl\u00fcte<\/strong> | CHARLY | Regie: Nici Neiss<\/p>\n\n\n\n<p>2024 <br><strong>Weinprobe f\u00fcr Anf\u00e4nger<\/strong> | GUILLAUME | Regie: Nici Neiss<\/p>\n\n\n\n<p>2023<br><strong>STUFE EINS UNZUFRIEDEN &#8211; A Cyborg Comedy<\/strong> | ALAIN | Regie: Gabriele Schelle<\/p>\n\n\n\n<p class=\"has-black-color has-text-color has-link-color wp-elements-015996bc5c0762bc68275da7bda3a797\">2022<br><strong>R\u00fcckkehr nach Reims<\/strong> | DIDIER | Regie: Gabriele Schelle<br>Internationales Kammertheaterfestival MOST Hannover<strong> <\/strong>| <strong>Auszeichnung f\u00fcr ein modernes Theaterst\u00fcck zu einem sozialen Thema. <\/strong><\/p>\n\n\n\n<p>2021<br><strong>DER TOD IN VENEDIG &#8211; Die Cyborg Version <\/strong>| ASCHENBACH | Regie: Gabriele Schelle<\/p>\n\n\n\n<p>2020<br><strong>R\u00fcckkehr nach Reims<\/strong>&nbsp;| DIDIER | Regie: Gabriele Schelle<\/p>\n\n\n\n<p>2019  <br><strong>R\u00fcckkehr nach Reims<\/strong>&nbsp;| DIDIER | Regie: Gabriele Schelle<br><strong>Lachen Verboten<\/strong>&nbsp;| BORIS | Regie: Hubsi Kramar<\/p>\n\n\n\n<p>2018<br><strong>Lachen Verboten<\/strong>&nbsp;| BORIS | Regie: Hubsi Kramar<br><strong>Ein K\u00e4fig voller Narren<\/strong>&nbsp;| MERCEDES\/ HERR DIEULAFOI |&nbsp;Regie: Tamara Hattler<br><strong>Ladies Night &#8211; Ganz oder Gar nicht<\/strong>&nbsp;| NORBERT | Regie: Tamara Hattler&nbsp;<\/p>\n\n\n\n<p>2017<br><strong>Ladies Night \u2013 Ganz oder Gar nicht<\/strong>&nbsp;| NORBERT | Regie: Tamara Hattler<\/p>\n\n\n\n<div class=\"wp-block-group\"><div class=\"wp-block-group__inner-container is-layout-flow wp-block-group-is-layout-flow\">\n<p>2016<br data-rich-text-line-break=\"true\" \/><strong>Jenseits von Afrika \u2013 Min afrikanske Farm<\/strong> | DENYS FINCH HATTON |<br \/>Regie: Gabriele Schelle<\/p>\n<\/div><\/div>\n\n\n\n<p>2015<br><strong>Inside Bismarck<\/strong>&nbsp;| OTTO VON BISMARCK | Regie: Gabriele Schelle<br><strong>Hesse &amp; Klingsor |<\/strong>&nbsp;HERMANN HESSE | Regie: Gabriele Schelle  Internationales Festival MOST, Hannover<\/p>\n\n\n\n<p>2014<br><strong>1864 Tagebuch einer Katastrophe<\/strong>&nbsp;| HERR FRANZINGER | Regie: Gabriele Schelle<br><strong>der zauber\/berg<\/strong>&nbsp;| LODOVICO SETTEMBRINI | Regie: Gabriele Schelle<\/p>\n\n\n\n<p>2013<br><strong>der zauber\/berg<\/strong>&nbsp;| LODOVICO SETTEMBRINI | Regie: Gabriele Schelle<br><strong>Die Doppelconferencen<\/strong>&nbsp;| DER BL\u00d6DE | Regie: Helga David<br><strong>Hesse &amp; Klingsor<\/strong>&nbsp;| HERMANN HESSE | Internationales Festival &#8222;Vidlunnja&#8220; Kiew, Ukraine<\/p>\n\n\n\n<p>2012<br><strong>Hesse &amp; Klingsor<\/strong>&nbsp;| HERMANN HESSE | Regie: Gabriele Schelle<br><strong>Die Doppelconferencen<\/strong>&nbsp;| DER BL\u00d6DE | Regie: Helga David<\/p>\n\n\n\n<p>2011<br><strong>Die Doppelconferencen<\/strong>&nbsp;| DER BL\u00d6DE | Regie: Helga David<br><strong>Anatol<\/strong>&nbsp;| MAX | Regie: Helga David<\/p>\n\n\n\n<p>2010<br><strong>the Chopin project<\/strong>&nbsp;| FR\u00c9D\u00c9RIC CHOPIN | Regie: Gabriele Schelle<br><strong>Zu Gast bei Don Juan<\/strong>&nbsp;| DON JUAN | Regie: C.C. Weinberger<\/p>\n\n\n\n<p>2009<br><strong>Zu Gast bei Don Juan<\/strong>&nbsp;| DON JUAN | Regie: C.C. Weinberger<br>Internationales Chechov Festival, Jalta |&nbsp;<strong>Grosser Preis der Jury<\/strong><\/p>\n\n\n\n<p>2008<br><strong>Zu Gast bei Don Juan<\/strong>&nbsp;| DON JUAN | R: C.C. Weinberger<br><strong>Anatol<\/strong>&nbsp;| MAX | Regie: Helga David<\/p>\n\n\n\n<p>2007<br><strong>Lulu<\/strong>&nbsp;| DR. SCH\u00d6N, RINGER, JACK THE RIPPER | Regie: Otto Brusatti<br><strong>Anatol<\/strong>&nbsp;| MAX | Regie: Helga David<br><strong>Die Gef\u00e4hrtin<\/strong>&nbsp;| Regie: Helga David<\/p>\n\n\n\n<p>2006<br><strong>Kom\u00f6die der Worte<\/strong>&nbsp;&#8211; <strong>Grosse Szene<\/strong> EDGAR GLEY | Regie: Helga David<br><strong>Ein empfindsamer Mensch<\/strong>&nbsp;| Regie: Helga David<\/p>\n\n\n\n<p>2004<br><strong>Casanovas Heimfahrt<\/strong>&nbsp;| OLIVO | Regie: Helga David<\/p>\n\n\n\n<p>2003<br><strong>\u00d6sterreichs gr\u00f6sste Entertainer<\/strong>&nbsp;| JACK UNTERWEGER | Regie: Helmut Sch\u00f6dl<br><strong>Hysterikon<\/strong>&nbsp;| ARMANI-MANN | Regie: Augustin Jagg<br><strong>Eine Liebe<\/strong>&nbsp;| ARTHUR SCHNITZLER | Regie: Helga David<\/p>\n\n\n\n<p>2002<br><strong>Cafe Tamagotchi<\/strong>&nbsp; | BLACKHOLE | Regie: Georg Staudacher<br><strong>Don Giovanni<\/strong>&nbsp; | MASETTO | Regie: Adi Hirschal&nbsp;<br><strong>Der Ehrentag<\/strong>&nbsp;| FRED | Regie: Helga David<br><strong>Austrian Psycho<\/strong>&nbsp;| EDGAR | Regie: Georg Staudacher<\/p>\n\n\n\n<p>2001<br><strong>Bel Ami<\/strong>&nbsp;| RIVAL | Regie: Dieter Haspel<br><strong>Der Traum vom lieben Augustin<\/strong>&nbsp;| BASILISK | Regie: J\u00fcrgen Wilke&nbsp;<br><strong>Hier sind Sie richtig<\/strong>&nbsp; | JEAN | Regie: Robert Weigm\u00fcller<\/p>\n\n\n\n<p>2000<br><strong>Gott ist ein DJ<\/strong>&nbsp;| ER | Regie: Evelyn Fuchs<br><strong>H\u00e4uptling Abendwind<\/strong>&nbsp; | ARTHUR | Regie: Franz Weichenberger&nbsp;<br><strong>H\u00f6llenschlund<\/strong>&nbsp;| MALER DIX | Regie: Alexander Kraus<\/p>\n\n\n\n<p>1999<br><strong>Hamlet<\/strong>&nbsp;| LAERTES | Regie: J\u00fcrgen Wilke (\u00d6\/BRD-Tournee)<br><strong>Barbaren(Weh dem der l\u00fcgt)<\/strong>&nbsp;| ATALUS | Regie: Martin Huber&nbsp;(Festival der Regionen\/O\u00d6)<br><strong>Rabenland<\/strong>&nbsp;| SOHN | Regie: Bettina Rehm<br><strong>Was ihr wollt<\/strong>&nbsp;| ANTONIO | Regie: Joachim Rathke&nbsp;<br><strong>Die Nash\u00f6rner<\/strong>&nbsp;| HANS u. HERR STECH | Regie: Bettina Rehm<\/p>\n\n\n\n<p>1998<br><strong>Die R\u00e4uber<\/strong>&nbsp;| ROLLER | Regie: Georg Staudacher<br><strong>Eine Frage der Ehre<\/strong>&nbsp;| SANTIAGO| Regie: Erhard Pauer&nbsp;<br><strong>Time Out<\/strong>&nbsp;| DRAKO | Regie: Georg Schmiedleitner<\/p>\n\n\n\n<p>1997<br><strong>Barfuss im Park<\/strong>&nbsp;| PAUL | Regie: Robert Weigm\u00fcller<br><strong>Scapins Streiche<\/strong>&nbsp;| LEANDER | Regie: Erhard Pauer<\/p>\n\n\n\n<p>1996<br><strong>Ein Sommernachtstraum<\/strong>&nbsp;| LYSANDER | Regie: Peter Preissler<br><strong>Anatevka<\/strong>&nbsp;| &nbsp;FEDJA | Regie: Dietmar Pflegerl (Theater a.d. Wien)<\/p>\n\n\n\n<p>1995<br><strong>Biedermann und die Brandstifter<\/strong>&nbsp;| SCHMITZ\/BEELZEBUB | Regie: Gerhard Werdeker<br><strong>Rigoletterl<\/strong>&nbsp;| HERZOG | Regie: Thomas Wachauer<br><strong>Zwei Links, Zwei Rechts<\/strong>&nbsp;| ROGER | Regie: Eva Fr\u00f6hlich<br><strong>Die Sch\u00f6ne und das Biest<\/strong>&nbsp;| PRINZ | Regie: Horst Wickinghoff (BRD-Tournee)<\/p>\n\n\n\n<p>1994<br><strong>Krankheit der Jugend<\/strong>&nbsp; | PETRELL | Regie: Wolfgang Michalek<br><strong>Wallenstein-Trilogie<\/strong>&nbsp;| MAX PICCOLOMINI | Regie: J\u00fcrgen Wilke<br><strong>Das Kaffeehaus<\/strong>&nbsp;| EUGENIO | Regie: Mischa Fernbach<br><strong>Nachtschattengew\u00e4chse<\/strong>&nbsp;| Musik\/Szenenabend | Regie: B.Egger\/M.Sereinig<\/p>\n\n\n\n<p>1993<br><strong>Romeo und Julia<\/strong>&nbsp;| MERCUTIO | Regie: J\u00fcrgen Wilke<\/p>\n\n\n\n<p>1991<br><strong>K\u00f6nig Ottokars Gl\u00fcck und Ende<\/strong>&nbsp;| SOLDAT | Regie: Wolfgang Engel<\/p>\n\n\n\n<p>1990<br><strong>Iwanow<\/strong>\u00a0 | GAVRILA | Regie: Peter Zadek | Akademietheater &amp; Berliner Theatertreffen<br><strong>Das Spiel vom Fragen<\/strong>\u00a0| FRAU | Regie: Claus Peymann | Burgtheater<br><strong>Der Sch\u00fctzling<\/strong>\u00a0| FILLNER | Regie: Achim Benning | Burgtheater<br><strong>Der Lauf der Welt<\/strong>\u00a0| BOTE | Regie: Gerd Heinz | Burgtheater<\/p>\n\n\n\n<p>1989<br><strong>Liliom<\/strong>&nbsp;| FICSUR | Regie: Herbert Kucera<br><strong>Reineke Fuchs<\/strong>&nbsp; | GRIMBART | Regie: Traute Aum\u00fcller<br><strong>Sexual Perversity in Chicago<\/strong>&nbsp;| BERNARD LITKO | Regie: Matthias Straub<\/p>\n\n\n\n<p>1988<br><strong>Das M\u00e4dl aus der Vorstadt<\/strong>&nbsp;| GIGERL | Regie: Herbert Kucera<br><strong>Der Reigen&nbsp;<\/strong>|&nbsp;DER GRAF<\/p>\n","protected":false},"excerpt":{"rendered":"<p>2025Die Kaktusbl\u00fcte | CHARLY | Regie: Nici Neiss 2024 Weinprobe f\u00fcr Anf\u00e4nger | GUILLAUME | Regie: Nici Neiss 2023STUFE EINS UNZUFRIEDEN &#8211; A Cyborg Comedy | ALAIN | Regie: Gabriele Schelle 2022R\u00fcckkehr nach Reims |<\/p>\n","protected":false},"author":1,"featured_media":0,"parent":0,"menu_order":2,"comment_status":"closed","ping_status":"closed","template":"","meta":{"_EventAllDay":false,"_EventTimezone":"","_EventStartDate":"","_EventEndDate":"","_EventStartDateUTC":"","_EventEndDateUTC":"","_EventShowMap":false,"_EventShowMapLink":false,"_EventURL":"","_EventCost":"","_EventCostDescription":"","_EventCurrencySymbol":"","_EventCurrencyCode":"","_EventCurrencyPosition":"","_EventDateTimeSeparator":"","_EventTimeRangeSeparator":"","_EventOrganizerID":[],"_EventVenueID":[],"_OrganizerEmail":"","_OrganizerPhone":"","_OrganizerWebsite":"","_VenueAddress":"","_VenueCity":"","_VenueCountry":"","_VenueProvince":"","_VenueState":"","_VenueZip":"","_VenuePhone":"","_VenueURL":"","_VenueStateProvince":"","_VenueLat":"","_VenueLng":"","_VenueShowMap":false,"_VenueShowMapLink":false,"footnotes":""},"class_list":["post-2","page","type-page","status-publish","hentry"],"_links":{"self":[{"href":"https:\/\/nisslmueller.at\/index.php?rest_route=\/wp\/v2\/pages\/2","targetHints":{"allow":["GET"]}}],"collection":[{"href":"https:\/\/nisslmueller.at\/index.php?rest_route=\/wp\/v2\/pages"}],"about":[{"href":"https:\/\/nisslmueller.at\/index.php?rest_route=\/wp\/v2\/types\/page"}],"author":[{"embeddable":true,"href":"https:\/\/nisslmueller.at\/index.php?rest_route=\/wp\/v2\/users\/1"}],"replies":[{"embeddable":true,"href":"https:\/\/nisslmueller.at\/index.php?rest_route=%2Fwp%2Fv2%2Fcomments&post=2"}],"version-history":[{"count":54,"href":"https:\/\/nisslmueller.at\/index.php?rest_route=\/wp\/v2\/pages\/2\/revisions"}],"predecessor-version":[{"id":892,"href":"https:\/\/nisslmueller.at\/index.php?rest_route=\/wp\/v2\/pages\/2\/revisions\/892"}],"wp:attachment":[{"href":"https:\/\/nisslmueller.at\/index.php?rest_route=%2Fwp%2Fv2%2Fmedia&parent=2"}],"curies":[{"name":"wp","href":"https:\/\/api.w.org\/{rel}","templated":true}]}}