{"id":5,"date":"2020-04-02T11:32:47","date_gmt":"2020-04-02T11:32:47","guid":{"rendered":"https:\/\/nisslmueller.at\/willkommen-auf-https-nisslmueller-at"},"modified":"2026-04-12T11:37:38","modified_gmt":"2026-04-12T11:37:38","slug":"news","status":"publish","type":"page","link":"https:\/\/nisslmueller.at\/","title":{"rendered":"NEWS"},"content":{"rendered":"\n<p><\/p>\n\n\n\n<h1>Sonny Boys<\/h1>\n<p><strong style=\"font-weight: 400;\">Kom\u00f6die von Neil Simon<\/strong><\/p>\n<p style=\"font-weight: 400;\"><strong>08.07. &#8211; 06.08.2026 \/\/ Theater Sommer Klagenfurt 2026<\/strong><\/p>\n<p style=\"font-weight: 400;\">Die legend\u00e4ren Komiker Willi und Albert waren zwei Jahrzehnte als unschlagbares Duo auf den gro\u00dfen B\u00fchnen zuhause \u2013 bis sie sich so gr\u00fcndlich zerstritten, dass gemeinsame Auftritte undenkbar wurden. Aus Kollegen wurden Feinde, aus Brillanz wurde Bitterkeit. Warum sie sich zerstritten? Tja, so genau wissen sie das selbst nicht, auf jeden Fall war aber der andere schuld.<br \/><br \/>Mit einer exorbitant hohen Gage will eine Fernsehshow die beiden legend\u00e4ren Showgr\u00f6\u00dfen wieder f\u00fcr einen ihrer herausragenden Sketche zusammenbringen. Geld k\u00f6nnen zwar beide bitter gebrauchen, doch mit dem ehemaligen Partner wieder zusammenarbeiten? Fix nicht!!!<br \/><br \/>Also liegt es an Willis Neffen und Agent die beiden soweit zu bringen, damit sie sich zumindest w\u00e4hrend der Fernsehaufzeichnung nicht an die Gurgel gehen. Klingt easy, wird allerdings zum nervenaufreibenden H\u00f6llentrip \u2013 voll genialer Schlagabtausche, aberwitziger Missverst\u00e4ndnisse und bissigem Humor. Was als Comeback beginnt, endet in einem turbulenten Feuerwerk aus Grant, Glanz und grandioser Komik. <br \/><br \/>HINTERGRUND Neil Simons Kultst\u00fcck z\u00e4hlt zu den erfolgreichsten Theaterkom\u00f6dien \u00fcberhaupt. Die warmherzig-bissige Geschichte \u00fcber Freundschaft, Verletzlichkeit, verpasste Chancen und das unsterbliche Showbusiness wurde mehrfach verfilmt \u2013 legend\u00e4r mit Walter Matthau und George Burns (1975) oder Woody Allen und Peter Falk (1996). <br \/><br \/>DER AUTOR\u00a0Neil Simon geh\u00f6rt zu den erfolgreichsten und beliebtesten Drehbuch- und B\u00fchnenautoren Amerikas und wurde vielfach ausgezeichnet, unter anderem mit dem Golden Globe und dem Pulitzer-Preis. Mit St\u00fccken wie SONNY BOYS, EIN SELTSAMES PAAR oder BARFU\u00df IM PARK\u00a0pr\u00e4gte er die moderne Kom\u00f6die entscheidend.<strong><br \/><\/strong><\/p>\n<p style=\"font-weight: 400;\"><strong>REGIE<\/strong> Christian Strasser <strong>ENSEMBLE<\/strong> Katarina Hartmann, Christian Nisslm\u00fcller, \u00a0Christina Berzaczy, J\u00f6rg Reifmesser und Wilhelm Prainsack <strong>Kost\u00fcme<\/strong> Patrice Keiner <strong>PRODUKTION<\/strong> Theater Sommer Klagenfurt 2026<\/p>\n<p><a href=\"https:\/\/www.theatersommerklagenfurt.at\/sonnyboys\/\">Hier<\/a>\u00a0findet Ihr noch mehr Infos<br \/><br \/>Schaut bald mal wieder rein!<br \/>Liebe Gr\u00fc\u00dfe <br \/>Christian Nisslm\u00fcller<\/p>\n\n\n\n<p><\/p>\n\n\n\n<p><\/p>\n\n\n\n<p><\/p>\n\n\n\n<p><\/p>\n\n\n\n<p><\/p>\n\n\n\n<p><\/p>\n","protected":false},"excerpt":{"rendered":"<p>Sonny Boys Kom\u00f6die von Neil Simon 08.07. &#8211; 06.08.2026 \/\/ Theater Sommer Klagenfurt 2026 Die legend\u00e4ren Komiker Willi und Albert waren zwei Jahrzehnte als unschlagbares Duo auf den gro\u00dfen B\u00fchnen zuhause \u2013 bis sie sich<\/p>\n","protected":false},"author":1,"featured_media":22,"parent":0,"menu_order":1,"comment_status":"closed","ping_status":"closed","template":"","meta":{"_EventAllDay":false,"_EventTimezone":"","_EventStartDate":"","_EventEndDate":"","_EventStartDateUTC":"","_EventEndDateUTC":"","_EventShowMap":false,"_EventShowMapLink":false,"_EventURL":"","_EventCost":"","_EventCostDescription":"","_EventCurrencySymbol":"","_EventCurrencyCode":"","_EventCurrencyPosition":"","_EventDateTimeSeparator":"","_EventTimeRangeSeparator":"","_EventOrganizerID":[],"_EventVenueID":[],"_OrganizerEmail":"","_OrganizerPhone":"","_OrganizerWebsite":"","_VenueAddress":"","_VenueCity":"","_VenueCountry":"","_VenueProvince":"","_VenueState":"","_VenueZip":"","_VenuePhone":"","_VenueURL":"","_VenueStateProvince":"","_VenueLat":"","_VenueLng":"","_VenueShowMap":false,"_VenueShowMapLink":false,"footnotes":""},"class_list":["post-5","page","type-page","status-publish","has-post-thumbnail","hentry"],"_links":{"self":[{"href":"https:\/\/nisslmueller.at\/index.php?rest_route=\/wp\/v2\/pages\/5","targetHints":{"allow":["GET"]}}],"collection":[{"href":"https:\/\/nisslmueller.at\/index.php?rest_route=\/wp\/v2\/pages"}],"about":[{"href":"https:\/\/nisslmueller.at\/index.php?rest_route=\/wp\/v2\/types\/page"}],"author":[{"embeddable":true,"href":"https:\/\/nisslmueller.at\/index.php?rest_route=\/wp\/v2\/users\/1"}],"replies":[{"embeddable":true,"href":"https:\/\/nisslmueller.at\/index.php?rest_route=%2Fwp%2Fv2%2Fcomments&post=5"}],"version-history":[{"count":80,"href":"https:\/\/nisslmueller.at\/index.php?rest_route=\/wp\/v2\/pages\/5\/revisions"}],"predecessor-version":[{"id":987,"href":"https:\/\/nisslmueller.at\/index.php?rest_route=\/wp\/v2\/pages\/5\/revisions\/987"}],"wp:featuredmedia":[{"embeddable":true,"href":"https:\/\/nisslmueller.at\/index.php?rest_route=\/wp\/v2\/media\/22"}],"wp:attachment":[{"href":"https:\/\/nisslmueller.at\/index.php?rest_route=%2Fwp%2Fv2%2Fmedia&parent=5"}],"curies":[{"name":"wp","href":"https:\/\/api.w.org\/{rel}","templated":true}]}}