{"id":89,"date":"2020-04-03T11:25:29","date_gmt":"2020-04-03T11:25:29","guid":{"rendered":"https:\/\/nisslmueller.at\/?page_id=89"},"modified":"2024-06-16T11:36:42","modified_gmt":"2024-06-16T11:36:42","slug":"lesungen","status":"publish","type":"page","link":"https:\/\/nisslmueller.at\/?page_id=89","title":{"rendered":"LESUNGEN"},"content":{"rendered":"\n<p><strong>THE CHOPIN PROJECT <\/strong>MusikH\u00f6rbuch von Gabriele Schelle Aufnahme: <span style=\"font-size: inherit;\">TONAL audiophile productions Wien\u00a0<\/span><\/p>\n<p><strong>VON M\u00c4NNERN, DIE KEINE FRAUEN HABEN<\/strong>\u00a0 Erz\u00e4hlungen von Haruki Murakami<\/p>\n<p><strong>LIEBESEPISODEN<\/strong> Erz\u00e4hlungen von Arthur Schnitzler, mit Strauss Quartett Musik von J.S.Bach, W.Pirchner, B.Bartok und J.Strauss<\/p>\n<p><strong>BLUMEN AUF DEN WEG GESTREUT<\/strong> Blumengedichte von J.W.Goethe, R.M.Rilke, Ch.Morgenstern, N.Lenau, F.Nietzsche, T.Storm, uva.<\/p>\n<p><strong>SOMMER-IMPRESSIONEN<\/strong> Literarische und musikalische Sommererlebnisse mit Werken von P.Altenberg, R.Musil, S.Zweig, A.Schnitzler, L.Loos, A.Kuh, R.Auernheimer, R.v.Schaukal, W.Kos, A.Sch\u00f6nberg, J.Brahms, A.Zemlinsky, J.M.Waissnix und M.Sinsler<\/p>\n<p><strong>ICH WOLLT SCHON IMMER MIT DIR<\/strong>\u00a0humorvoll-ernsthafte Geschichten \u00fcber die Liebe, das Leben, die Familie, Gott und den Sinn unseres Daseins, mit Werken von P.Coelho, K.Gibran, W.A.Mozart, E.Pluhar, H.Waggerl, R.M.Rilke, H.Hesse, M.Gutl, uva.<\/p>\n<p><strong>DIE KREUTZERSONATE.DICHTUNG.MUSIK<\/strong>\u00a0Erz\u00e4hlung von L.N.Tolstoi Musik von L.v.Beethoven und L.Janacek<\/p>\n<p><strong>B\u00d6SE WEIHNACHTEN UND WIENER WEIHNACHTEN<\/strong> Geschichten der anderen Art \u00fcber die stillste Zeit im Jahr mit Werken von Stephen King, Heinrich B\u00f6ll, Christine N\u00f6stlinger, u.a.<\/p>\n<p><strong>MEISTER DER KLEINEN FORM<\/strong> Werke von Arthur Schnitzler<\/p>\n<p><strong>MANN UND FRAU: BEZIEHUNGEN IM FIN DE SIECLE<\/strong> Werke von S.Freud, A.Schnitzler, S.Zweig, P.Altenberg, L.Loos, R.Musil, uva.<\/p>\n<p><strong>TR\u00c4UMEREI<\/strong> Texte von H. Heine, E.T.A. Hoffmann, S Freud<\/p>\n\n\n\n<p><strong>SCHNEE AUF DEM KILIMANDSCHARO<br \/><\/strong>von Ernest Hemingway<\/p>\n\n\n","protected":false},"excerpt":{"rendered":"<p>THE CHOPIN PROJECT MusikH\u00f6rbuch von Gabriele Schelle Aufnahme: TONAL audiophile productions Wien\u00a0 VON M\u00c4NNERN, DIE KEINE FRAUEN HABEN\u00a0 Erz\u00e4hlungen von Haruki Murakami LIEBESEPISODEN Erz\u00e4hlungen von Arthur Schnitzler, mit Strauss Quartett Musik von J.S.Bach, W.Pirchner, B.Bartok<\/p>\n","protected":false},"author":1,"featured_media":0,"parent":0,"menu_order":4,"comment_status":"closed","ping_status":"closed","template":"","meta":{"_EventAllDay":false,"_EventTimezone":"","_EventStartDate":"","_EventEndDate":"","_EventStartDateUTC":"","_EventEndDateUTC":"","_EventShowMap":false,"_EventShowMapLink":false,"_EventURL":"","_EventCost":"","_EventCostDescription":"","_EventCurrencySymbol":"","_EventCurrencyCode":"","_EventCurrencyPosition":"","_EventDateTimeSeparator":"","_EventTimeRangeSeparator":"","_EventOrganizerID":[],"_EventVenueID":[],"_OrganizerEmail":"","_OrganizerPhone":"","_OrganizerWebsite":"","_VenueAddress":"","_VenueCity":"","_VenueCountry":"","_VenueProvince":"","_VenueState":"","_VenueZip":"","_VenuePhone":"","_VenueURL":"","_VenueStateProvince":"","_VenueLat":"","_VenueLng":"","_VenueShowMap":false,"_VenueShowMapLink":false,"footnotes":""},"class_list":["post-89","page","type-page","status-publish","hentry"],"_links":{"self":[{"href":"https:\/\/nisslmueller.at\/index.php?rest_route=\/wp\/v2\/pages\/89","targetHints":{"allow":["GET"]}}],"collection":[{"href":"https:\/\/nisslmueller.at\/index.php?rest_route=\/wp\/v2\/pages"}],"about":[{"href":"https:\/\/nisslmueller.at\/index.php?rest_route=\/wp\/v2\/types\/page"}],"author":[{"embeddable":true,"href":"https:\/\/nisslmueller.at\/index.php?rest_route=\/wp\/v2\/users\/1"}],"replies":[{"embeddable":true,"href":"https:\/\/nisslmueller.at\/index.php?rest_route=%2Fwp%2Fv2%2Fcomments&post=89"}],"version-history":[{"count":22,"href":"https:\/\/nisslmueller.at\/index.php?rest_route=\/wp\/v2\/pages\/89\/revisions"}],"predecessor-version":[{"id":833,"href":"https:\/\/nisslmueller.at\/index.php?rest_route=\/wp\/v2\/pages\/89\/revisions\/833"}],"wp:attachment":[{"href":"https:\/\/nisslmueller.at\/index.php?rest_route=%2Fwp%2Fv2%2Fmedia&parent=89"}],"curies":[{"name":"wp","href":"https:\/\/api.w.org\/{rel}","templated":true}]}}